
{"id":4969,"date":"2021-03-27T21:28:04","date_gmt":"2021-03-27T21:28:04","guid":{"rendered":"https:\/\/authenticbicascomporta.com\/?page_id=4969"},"modified":"2021-03-30T10:08:47","modified_gmt":"2021-03-30T10:08:47","slug":"masterplan","status":"publish","type":"page","link":"https:\/\/authenticbicascomporta.com\/pt\/masterplan\/","title":{"rendered":"Masterplan"},"content":{"rendered":"<p>[vc_row][vc_column][vc_column_text]<\/p>\n<h1 style=\"text-align: center;\">Authentic Bicas<\/h1>\n<p style=\"text-align: center;\">Situado entre o rural e o contempor\u00e2neo, com uma vista deslumbrante sobre a serra e perto da praia do Carvalhal e do Pego, vai encontrar a Aut\u00eantica Bicas Comporta. Em parceria com a Uva na Areia s\u00e3o oferecidas condi\u00e7\u00f5es e alojamentos de luxo com tr\u00eas experi\u00eancias distintas: Hotel, Suites e Villas. O Hotel Suites oferece aos h\u00f3spedes um local intimista para revitalizar e reconectar.<\/p>\n<p>[\/vc_column_text][vc_single_image image=&#8221;4974&#8243; img_size=&#8221;large&#8221; alignment=&#8221;center&#8221; onclick=&#8221;link_image&#8221; css=&#8221;.vc_custom_1616880056933{margin-top: 50px !important;}&#8221;][\/vc_column][\/vc_row]<\/p>\n","protected":false},"excerpt":{"rendered":"<p>[vc_row][vc_column][vc_column_text] Authentic Bicas Situado entre o rural e o contempor\u00e2neo, com uma vista deslumbrante sobre a serra e perto da praia do Carvalhal e do Pego, vai encontrar a Aut\u00eantica Bicas Comporta. Em parceria com a Uva na Areia s\u00e3o oferecidas condi\u00e7\u00f5es e alojamentos de luxo com tr\u00eas experi\u00eancias distintas: Hotel, Suites e Villas. O&hellip;<\/p>\n","protected":false},"author":2,"featured_media":4971,"parent":0,"menu_order":0,"comment_status":"closed","ping_status":"closed","template":"","meta":{"footnotes":""},"yoast_head":"<!-- This site is optimized with the Yoast SEO plugin v20.13 - https:\/\/yoast.com\/wordpress\/plugins\/seo\/ -->\n<title>Masterplan - Authentic Bicas Comporta<\/title>\n<meta name=\"description\" content=\"Uma forma de viverinspirada na natureza. O Authentic Bicas \u00e9 um projecto imobili\u00e1rio que alia o r\u00fastico \u00e0 sofistica\u00e7\u00e3o da Comporta.\" \/>\n<meta name=\"robots\" content=\"index, follow, max-snippet:-1, max-image-preview:large, max-video-preview:-1\" \/>\n<link rel=\"canonical\" href=\"https:\/\/authenticbicascomporta.com\/pt\/masterplan\/\" \/>\n<meta property=\"og:locale\" content=\"pt_PT\" \/>\n<meta property=\"og:type\" content=\"article\" \/>\n<meta property=\"og:title\" content=\"Alojamentos - Authentic Bicas Comporta\" \/>\n<meta property=\"og:description\" content=\"Uma forma de viverinspirada na natureza. O Authentic Bicas \u00e9 um projecto imobili\u00e1rio que alia o r\u00fastico \u00e0 sofistica\u00e7\u00e3o da Comporta.\" \/>\n<meta property=\"og:url\" content=\"https:\/\/authenticbicascomporta.com\/masterplan\/\" \/>\n<meta property=\"og:site_name\" content=\"Authentic Bicas Comporta\" \/>\n<meta property=\"article:modified_time\" content=\"2021-03-30T10:08:47+00:00\" \/>\n<meta property=\"og:image\" content=\"https:\/\/authenticbicascomporta.com\/wp-content\/uploads\/2017\/04\/authentic-bicas-fb-og.jpg\" \/>\n\t<meta property=\"og:image:width\" content=\"1200\" \/>\n\t<meta property=\"og:image:height\" content=\"600\" \/>\n\t<meta property=\"og:image:type\" content=\"image\/jpeg\" \/>\n<meta name=\"twitter:card\" content=\"summary_large_image\" \/>\n<meta name=\"twitter:title\" content=\"Alojamentos - Authentic Bicas Comporta\" \/>\n<meta name=\"twitter:description\" content=\"Uma forma de viverinspirada na natureza. O Authentic Bicas \u00e9 um projecto imobili\u00e1rio que alia o r\u00fastico \u00e0 sofistica\u00e7\u00e3o da Comporta.\" \/>\n<meta name=\"twitter:image\" content=\"https:\/\/authenticbicascomporta.com\/wp-content\/uploads\/2017\/04\/authentic-bicas-fb-og.jpg\" \/>\n<meta name=\"twitter:label1\" content=\"Est. reading time\" \/>\n\t<meta name=\"twitter:data1\" content=\"1 minute\" \/>\n<script type=\"application\/ld+json\" class=\"yoast-schema-graph\">{\"@context\":\"https:\/\/schema.org\",\"@graph\":[{\"@type\":\"WebPage\",\"@id\":\"https:\/\/authenticbicascomporta.com\/masterplan\/\",\"url\":\"https:\/\/authenticbicascomporta.com\/masterplan\/\",\"name\":\"Masterplan - Authentic Bicas Comporta\",\"isPartOf\":{\"@id\":\"https:\/\/authenticbicascomporta.com\/#website\"},\"datePublished\":\"2021-03-27T21:28:04+00:00\",\"dateModified\":\"2021-03-30T10:08:47+00:00\",\"description\":\"Uma forma de viverinspirada na natureza. O Authentic Bicas \u00e9 um projecto imobili\u00e1rio que alia o r\u00fastico \u00e0 sofistica\u00e7\u00e3o da Comporta.\",\"breadcrumb\":{\"@id\":\"https:\/\/authenticbicascomporta.com\/masterplan\/#breadcrumb\"},\"inLanguage\":\"PT\",\"potentialAction\":[{\"@type\":\"ReadAction\",\"target\":[\"https:\/\/authenticbicascomporta.com\/masterplan\/\"]}]},{\"@type\":\"BreadcrumbList\",\"@id\":\"https:\/\/authenticbicascomporta.com\/masterplan\/#breadcrumb\",\"itemListElement\":[{\"@type\":\"ListItem\",\"position\":1,\"name\":\"Home\",\"item\":\"https:\/\/authenticbicascomporta.com\/pt\/\"},{\"@type\":\"ListItem\",\"position\":2,\"name\":\"Masterplan\"}]},{\"@type\":\"WebSite\",\"@id\":\"https:\/\/authenticbicascomporta.com\/#website\",\"url\":\"https:\/\/authenticbicascomporta.com\/\",\"name\":\"Authentic Bicas Comporta\",\"description\":\"Uma forma de viver inspirada na Comporta\",\"publisher\":{\"@id\":\"https:\/\/authenticbicascomporta.com\/#organization\"},\"potentialAction\":[{\"@type\":\"SearchAction\",\"target\":{\"@type\":\"EntryPoint\",\"urlTemplate\":\"https:\/\/authenticbicascomporta.com\/?s={search_term_string}\"},\"query-input\":\"required name=search_term_string\"}],\"inLanguage\":\"PT\"},{\"@type\":\"Organization\",\"@id\":\"https:\/\/authenticbicascomporta.com\/#organization\",\"name\":\"Authentic Bicas Comporta\",\"url\":\"https:\/\/authenticbicascomporta.com\/\",\"logo\":{\"@type\":\"ImageObject\",\"inLanguage\":\"PT\",\"@id\":\"https:\/\/authenticbicascomporta.com\/#\/schema\/logo\/image\/\",\"url\":\"https:\/\/authenticbicascomporta.com\/wp-content\/uploads\/2018\/09\/authentic-bias-logo-150.png\",\"contentUrl\":\"https:\/\/authenticbicascomporta.com\/wp-content\/uploads\/2018\/09\/authentic-bias-logo-150.png\",\"width\":150,\"height\":120,\"caption\":\"Authentic Bicas Comporta\"},\"image\":{\"@id\":\"https:\/\/authenticbicascomporta.com\/#\/schema\/logo\/image\/\"}}]}<\/script>\n<!-- \/ Yoast SEO plugin. -->","yoast_head_json":{"title":"Masterplan - Authentic Bicas Comporta","description":"Uma forma de viverinspirada na natureza. O Authentic Bicas \u00e9 um projecto imobili\u00e1rio que alia o r\u00fastico \u00e0 sofistica\u00e7\u00e3o da Comporta.","robots":{"index":"index","follow":"follow","max-snippet":"max-snippet:-1","max-image-preview":"max-image-preview:large","max-video-preview":"max-video-preview:-1"},"canonical":"https:\/\/authenticbicascomporta.com\/pt\/masterplan\/","og_locale":"pt_PT","og_type":"article","og_title":"Alojamentos - Authentic Bicas Comporta","og_description":"Uma forma de viverinspirada na natureza. O Authentic Bicas \u00e9 um projecto imobili\u00e1rio que alia o r\u00fastico \u00e0 sofistica\u00e7\u00e3o da Comporta.","og_url":"https:\/\/authenticbicascomporta.com\/masterplan\/","og_site_name":"Authentic Bicas Comporta","article_modified_time":"2021-03-30T10:08:47+00:00","og_image":[{"width":1200,"height":600,"url":"https:\/\/authenticbicascomporta.com\/wp-content\/uploads\/2017\/04\/authentic-bicas-fb-og.jpg","type":"image\/jpeg"}],"twitter_card":"summary_large_image","twitter_title":"Alojamentos - Authentic Bicas Comporta","twitter_description":"Uma forma de viverinspirada na natureza. O Authentic Bicas \u00e9 um projecto imobili\u00e1rio que alia o r\u00fastico \u00e0 sofistica\u00e7\u00e3o da Comporta.","twitter_image":"https:\/\/authenticbicascomporta.com\/wp-content\/uploads\/2017\/04\/authentic-bicas-fb-og.jpg","twitter_misc":{"Est. reading time":"1 minute"},"schema":{"@context":"https:\/\/schema.org","@graph":[{"@type":"WebPage","@id":"https:\/\/authenticbicascomporta.com\/masterplan\/","url":"https:\/\/authenticbicascomporta.com\/masterplan\/","name":"Masterplan - Authentic Bicas Comporta","isPartOf":{"@id":"https:\/\/authenticbicascomporta.com\/#website"},"datePublished":"2021-03-27T21:28:04+00:00","dateModified":"2021-03-30T10:08:47+00:00","description":"Uma forma de viverinspirada na natureza. O Authentic Bicas \u00e9 um projecto imobili\u00e1rio que alia o r\u00fastico \u00e0 sofistica\u00e7\u00e3o da Comporta.","breadcrumb":{"@id":"https:\/\/authenticbicascomporta.com\/masterplan\/#breadcrumb"},"inLanguage":"PT","potentialAction":[{"@type":"ReadAction","target":["https:\/\/authenticbicascomporta.com\/masterplan\/"]}]},{"@type":"BreadcrumbList","@id":"https:\/\/authenticbicascomporta.com\/masterplan\/#breadcrumb","itemListElement":[{"@type":"ListItem","position":1,"name":"Home","item":"https:\/\/authenticbicascomporta.com\/pt\/"},{"@type":"ListItem","position":2,"name":"Masterplan"}]},{"@type":"WebSite","@id":"https:\/\/authenticbicascomporta.com\/#website","url":"https:\/\/authenticbicascomporta.com\/","name":"Authentic Bicas Comporta","description":"Uma forma de viver inspirada na Comporta","publisher":{"@id":"https:\/\/authenticbicascomporta.com\/#organization"},"potentialAction":[{"@type":"SearchAction","target":{"@type":"EntryPoint","urlTemplate":"https:\/\/authenticbicascomporta.com\/?s={search_term_string}"},"query-input":"required name=search_term_string"}],"inLanguage":"PT"},{"@type":"Organization","@id":"https:\/\/authenticbicascomporta.com\/#organization","name":"Authentic Bicas Comporta","url":"https:\/\/authenticbicascomporta.com\/","logo":{"@type":"ImageObject","inLanguage":"PT","@id":"https:\/\/authenticbicascomporta.com\/#\/schema\/logo\/image\/","url":"https:\/\/authenticbicascomporta.com\/wp-content\/uploads\/2018\/09\/authentic-bias-logo-150.png","contentUrl":"https:\/\/authenticbicascomporta.com\/wp-content\/uploads\/2018\/09\/authentic-bias-logo-150.png","width":150,"height":120,"caption":"Authentic Bicas Comporta"},"image":{"@id":"https:\/\/authenticbicascomporta.com\/#\/schema\/logo\/image\/"}}]}},"_links":{"self":[{"href":"https:\/\/authenticbicascomporta.com\/pt\/wp-json\/wp\/v2\/pages\/4969\/"}],"collection":[{"href":"https:\/\/authenticbicascomporta.com\/pt\/wp-json\/wp\/v2\/pages\/"}],"about":[{"href":"https:\/\/authenticbicascomporta.com\/pt\/wp-json\/wp\/v2\/types\/page\/"}],"author":[{"embeddable":true,"href":"https:\/\/authenticbicascomporta.com\/pt\/wp-json\/wp\/v2\/users\/2\/"}],"replies":[{"embeddable":true,"href":"https:\/\/authenticbicascomporta.com\/pt\/wp-json\/wp\/v2\/comments\/?post=4969"}],"version-history":[{"count":2,"href":"https:\/\/authenticbicascomporta.com\/pt\/wp-json\/wp\/v2\/pages\/4969\/revisions\/"}],"predecessor-version":[{"id":5108,"href":"https:\/\/authenticbicascomporta.com\/pt\/wp-json\/wp\/v2\/pages\/4969\/revisions\/5108\/"}],"wp:featuredmedia":[{"embeddable":true,"href":"https:\/\/authenticbicascomporta.com\/pt\/wp-json\/wp\/v2\/media\/4971\/"}],"wp:attachment":[{"href":"https:\/\/authenticbicascomporta.com\/pt\/wp-json\/wp\/v2\/media\/?parent=4969"}],"curies":[{"name":"wp","href":"https:\/\/api.w.org\/{rel}","templated":true}]}}