
{"id":4602,"date":"2018-10-18T19:36:52","date_gmt":"2018-10-18T19:36:52","guid":{"rendered":"https:\/\/authenticbicascomporta.com\/?page_id=4602"},"modified":"2019-04-01T16:39:00","modified_gmt":"2019-04-01T16:39:00","slug":"alojamentos","status":"publish","type":"page","link":"https:\/\/authenticbicascomporta.com\/pt\/alojamentos\/","title":{"rendered":"Alojamentos"},"content":{"rendered":"<p>[vc_row][vc_column]<div class=\"naix-portfolios-free portfolio-layout-free  portfolio-free-1\"><div class=\"portfolio-cats-filter\"> <ul class=\"cats-filter\" data-option-key=\"filter\">\r\n\t\t\t\t<li><a href=\"#filter\" class=\"selected\" data-option-value=\"*\">All<\/a><\/li>\r\n\t\t\t\t <li><a href=\"#filter\" data-option-value=\".portfolio_category-suites\">Suites<\/a><\/li><li><a href=\"#filter\" data-option-value=\".portfolio_category-villas\">Villas<\/a><\/li><li><a href=\"#filter\" data-option-value=\".portfolio_category-hotel\">Hotel<\/a><\/li>\r\n\t\t\t<\/ul><\/div><div class=\"row\"><div class=\"naix-portfolio-list\"><div class=\"portfolio-sizer\"><\/div><div class=\"gutter-sizer\"><\/div>\n<article id=\"post-4650\" class=\"portfolio-wapper portfolio-hover-4 portfolio-text-center post-4650 portfolio_project type-portfolio_project status-publish has-post-thumbnail hentry portfolio_category-suites\">\n\t<div class=\"entry-content\">\n\t\t<span class=\"overlay\" ><\/span>\n\t\t<a class=\"entry-link\" href=\"https:\/\/authenticbicascomporta.com\/pt\/accommodation\/suites\/\"><\/a>\n\t\t\t\t\t<div class=\"entry-format\">\n\t\t\t\t<img width=\"518\" height=\"728\" src=\"https:\/\/authenticbicascomporta.com\/wp-content\/uploads\/2018\/09\/authentic-bicas-suites-destaque-1-518x728.jpg\" class=\"attachment-naix-portfolio-free1 size-naix-portfolio-free1\" alt=\"\" decoding=\"async\" loading=\"lazy\" \/>\t\t\t<\/div>\n\t\t\n\t\t\t\t<header class=\"entry-header\">\n\t\t\t\t\t\t<span class=\"entry-cats\">Suites<\/span>\n\n\t\t\t<h2 class=\"entry-title\">Suites<\/h2>\n\t\t\t<span class=\"entry-cats-bottom\">Suites<\/span>\n\t\t<\/header>\n\t<\/div>\n<\/article><!-- #post-## -->\n \n<article id=\"post-4623\" class=\"portfolio-wapper portfolio-wide portfolio-hover-4 portfolio-text-center post-4623 portfolio_project type-portfolio_project status-publish has-post-thumbnail hentry portfolio_category-villas\">\n\t<div class=\"entry-content\">\n\t\t<span class=\"overlay\" ><\/span>\n\t\t<a class=\"entry-link\" href=\"https:\/\/authenticbicascomporta.com\/pt\/accommodation\/villas\/\"><\/a>\n\t\t\t\t\t<div class=\"entry-format\">\n\t\t\t\t<img width=\"770\" height=\"520\" src=\"https:\/\/authenticbicascomporta.com\/wp-content\/uploads\/2018\/09\/authentic-bicas-villas-destaque-770x520.jpg\" class=\"attachment-naix-portfolio-free2 size-naix-portfolio-free2\" alt=\"\" decoding=\"async\" loading=\"lazy\" \/>\t\t\t<\/div>\n\t\t\n\t\t\t\t<header class=\"entry-header\">\n\t\t\t\t\t\t<span class=\"entry-cats\">Villas<\/span>\n\n\t\t\t<h2 class=\"entry-title\">Villas<\/h2>\n\t\t\t<span class=\"entry-cats-bottom\">Villas<\/span>\n\t\t<\/header>\n\t<\/div>\n<\/article><!-- #post-## -->\n \n<article id=\"post-4617\" class=\"portfolio-wapper portfolio-full portfolio-hover-4 portfolio-text-center post-4617 portfolio_project type-portfolio_project status-publish has-post-thumbnail hentry portfolio_category-hotel\">\n\t<div class=\"entry-content\">\n\t\t<span class=\"overlay\" ><\/span>\n\t\t<a class=\"entry-link\" href=\"https:\/\/authenticbicascomporta.com\/pt\/accommodation\/hotel\/\"><\/a>\n\t\t\t\t\t<div class=\"entry-format\">\n\t\t\t\t<img width=\"1170\" height=\"520\" src=\"https:\/\/authenticbicascomporta.com\/wp-content\/uploads\/2018\/09\/authentic-bicas-hotel-1-1170x520.jpg\" class=\"attachment-naix-portfolio-free3 size-naix-portfolio-free3\" alt=\"\" decoding=\"async\" loading=\"lazy\" \/>\t\t\t<\/div>\n\t\t\n\t\t\t\t<header class=\"entry-header\">\n\t\t\t\t\t\t<span class=\"entry-cats\">Hotel<\/span>\n\n\t\t\t<h2 class=\"entry-title\">Hotel<\/h2>\n\t\t\t<span class=\"entry-cats-bottom\">Hotel<\/span>\n\t\t<\/header>\n\t<\/div>\n<\/article><!-- #post-## -->\n<\/div><\/div><\/div>[\/vc_column][\/vc_row]<\/p>\n","protected":false},"excerpt":{"rendered":"<p>[vc_row][vc_column][\/vc_column][\/vc_row]<\/p>\n","protected":false},"author":2,"featured_media":4879,"parent":0,"menu_order":0,"comment_status":"closed","ping_status":"closed","template":"","meta":{"footnotes":""},"yoast_head":"<!-- This site is optimized with the Yoast SEO plugin v20.13 - https:\/\/yoast.com\/wordpress\/plugins\/seo\/ -->\n<title>Alojamentos - Authentic Bicas Comporta<\/title>\n<meta name=\"description\" content=\"Uma forma de viverinspirada na natureza. O Authentic Bicas \u00e9 um projecto imobili\u00e1rio que alia o r\u00fastico \u00e0 sofistica\u00e7\u00e3o da Comporta.\" \/>\n<meta name=\"robots\" content=\"index, follow, max-snippet:-1, max-image-preview:large, max-video-preview:-1\" \/>\n<link rel=\"canonical\" href=\"https:\/\/authenticbicascomporta.com\/pt\/experiences\/\" \/>\n<meta property=\"og:locale\" content=\"pt_PT\" \/>\n<meta property=\"og:type\" content=\"article\" \/>\n<meta property=\"og:title\" content=\"Alojamentos - Authentic Bicas Comporta\" \/>\n<meta property=\"og:description\" content=\"Uma forma de viverinspirada na natureza. O Authentic Bicas \u00e9 um projecto imobili\u00e1rio que alia o r\u00fastico \u00e0 sofistica\u00e7\u00e3o da Comporta.\" \/>\n<meta property=\"og:url\" content=\"https:\/\/authenticbicascomporta.com\/experiences\/\" \/>\n<meta property=\"og:site_name\" content=\"Authentic Bicas Comporta\" \/>\n<meta property=\"article:modified_time\" content=\"2019-04-01T16:39:00+00:00\" \/>\n<meta property=\"og:image\" content=\"https:\/\/authenticbicascomporta.com\/wp-content\/uploads\/2017\/04\/authentic-bicas-fb-og.jpg\" \/>\n\t<meta property=\"og:image:width\" content=\"1200\" \/>\n\t<meta property=\"og:image:height\" content=\"600\" \/>\n\t<meta property=\"og:image:type\" content=\"image\/jpeg\" \/>\n<meta name=\"twitter:card\" content=\"summary_large_image\" \/>\n<meta name=\"twitter:title\" content=\"Alojamentos - Authentic Bicas Comporta\" \/>\n<meta name=\"twitter:description\" content=\"Uma forma de viverinspirada na natureza. O Authentic Bicas \u00e9 um projecto imobili\u00e1rio que alia o r\u00fastico \u00e0 sofistica\u00e7\u00e3o da Comporta.\" \/>\n<meta name=\"twitter:image\" content=\"https:\/\/authenticbicascomporta.com\/wp-content\/uploads\/2017\/04\/authentic-bicas-fb-og.jpg\" \/>\n<script type=\"application\/ld+json\" class=\"yoast-schema-graph\">{\"@context\":\"https:\/\/schema.org\",\"@graph\":[{\"@type\":\"WebPage\",\"@id\":\"https:\/\/authenticbicascomporta.com\/experiences\/\",\"url\":\"https:\/\/authenticbicascomporta.com\/experiences\/\",\"name\":\"Alojamentos - Authentic Bicas Comporta\",\"isPartOf\":{\"@id\":\"https:\/\/authenticbicascomporta.com\/#website\"},\"datePublished\":\"2018-10-18T19:36:52+00:00\",\"dateModified\":\"2019-04-01T16:39:00+00:00\",\"description\":\"Uma forma de viverinspirada na natureza. O Authentic Bicas \u00e9 um projecto imobili\u00e1rio que alia o r\u00fastico \u00e0 sofistica\u00e7\u00e3o da Comporta.\",\"breadcrumb\":{\"@id\":\"https:\/\/authenticbicascomporta.com\/experiences\/#breadcrumb\"},\"inLanguage\":\"PT\",\"potentialAction\":[{\"@type\":\"ReadAction\",\"target\":[\"https:\/\/authenticbicascomporta.com\/experiences\/\"]}]},{\"@type\":\"BreadcrumbList\",\"@id\":\"https:\/\/authenticbicascomporta.com\/experiences\/#breadcrumb\",\"itemListElement\":[{\"@type\":\"ListItem\",\"position\":1,\"name\":\"Home\",\"item\":\"https:\/\/authenticbicascomporta.com\/pt\/\"},{\"@type\":\"ListItem\",\"position\":2,\"name\":\"Alojamentos\"}]},{\"@type\":\"WebSite\",\"@id\":\"https:\/\/authenticbicascomporta.com\/#website\",\"url\":\"https:\/\/authenticbicascomporta.com\/\",\"name\":\"Authentic Bicas Comporta\",\"description\":\"Uma forma de viver inspirada na Comporta\",\"publisher\":{\"@id\":\"https:\/\/authenticbicascomporta.com\/#organization\"},\"potentialAction\":[{\"@type\":\"SearchAction\",\"target\":{\"@type\":\"EntryPoint\",\"urlTemplate\":\"https:\/\/authenticbicascomporta.com\/?s={search_term_string}\"},\"query-input\":\"required name=search_term_string\"}],\"inLanguage\":\"PT\"},{\"@type\":\"Organization\",\"@id\":\"https:\/\/authenticbicascomporta.com\/#organization\",\"name\":\"Authentic Bicas Comporta\",\"url\":\"https:\/\/authenticbicascomporta.com\/\",\"logo\":{\"@type\":\"ImageObject\",\"inLanguage\":\"PT\",\"@id\":\"https:\/\/authenticbicascomporta.com\/#\/schema\/logo\/image\/\",\"url\":\"https:\/\/authenticbicascomporta.com\/wp-content\/uploads\/2018\/09\/authentic-bias-logo-150.png\",\"contentUrl\":\"https:\/\/authenticbicascomporta.com\/wp-content\/uploads\/2018\/09\/authentic-bias-logo-150.png\",\"width\":150,\"height\":120,\"caption\":\"Authentic Bicas Comporta\"},\"image\":{\"@id\":\"https:\/\/authenticbicascomporta.com\/#\/schema\/logo\/image\/\"}}]}<\/script>\n<!-- \/ Yoast SEO plugin. -->","yoast_head_json":{"title":"Alojamentos - Authentic Bicas Comporta","description":"Uma forma de viverinspirada na natureza. O Authentic Bicas \u00e9 um projecto imobili\u00e1rio que alia o r\u00fastico \u00e0 sofistica\u00e7\u00e3o da Comporta.","robots":{"index":"index","follow":"follow","max-snippet":"max-snippet:-1","max-image-preview":"max-image-preview:large","max-video-preview":"max-video-preview:-1"},"canonical":"https:\/\/authenticbicascomporta.com\/pt\/experiences\/","og_locale":"pt_PT","og_type":"article","og_title":"Alojamentos - Authentic Bicas Comporta","og_description":"Uma forma de viverinspirada na natureza. O Authentic Bicas \u00e9 um projecto imobili\u00e1rio que alia o r\u00fastico \u00e0 sofistica\u00e7\u00e3o da Comporta.","og_url":"https:\/\/authenticbicascomporta.com\/experiences\/","og_site_name":"Authentic Bicas Comporta","article_modified_time":"2019-04-01T16:39:00+00:00","og_image":[{"width":1200,"height":600,"url":"https:\/\/authenticbicascomporta.com\/wp-content\/uploads\/2017\/04\/authentic-bicas-fb-og.jpg","type":"image\/jpeg"}],"twitter_card":"summary_large_image","twitter_title":"Alojamentos - Authentic Bicas Comporta","twitter_description":"Uma forma de viverinspirada na natureza. O Authentic Bicas \u00e9 um projecto imobili\u00e1rio que alia o r\u00fastico \u00e0 sofistica\u00e7\u00e3o da Comporta.","twitter_image":"https:\/\/authenticbicascomporta.com\/wp-content\/uploads\/2017\/04\/authentic-bicas-fb-og.jpg","schema":{"@context":"https:\/\/schema.org","@graph":[{"@type":"WebPage","@id":"https:\/\/authenticbicascomporta.com\/experiences\/","url":"https:\/\/authenticbicascomporta.com\/experiences\/","name":"Alojamentos - Authentic Bicas Comporta","isPartOf":{"@id":"https:\/\/authenticbicascomporta.com\/#website"},"datePublished":"2018-10-18T19:36:52+00:00","dateModified":"2019-04-01T16:39:00+00:00","description":"Uma forma de viverinspirada na natureza. O Authentic Bicas \u00e9 um projecto imobili\u00e1rio que alia o r\u00fastico \u00e0 sofistica\u00e7\u00e3o da Comporta.","breadcrumb":{"@id":"https:\/\/authenticbicascomporta.com\/experiences\/#breadcrumb"},"inLanguage":"PT","potentialAction":[{"@type":"ReadAction","target":["https:\/\/authenticbicascomporta.com\/experiences\/"]}]},{"@type":"BreadcrumbList","@id":"https:\/\/authenticbicascomporta.com\/experiences\/#breadcrumb","itemListElement":[{"@type":"ListItem","position":1,"name":"Home","item":"https:\/\/authenticbicascomporta.com\/pt\/"},{"@type":"ListItem","position":2,"name":"Alojamentos"}]},{"@type":"WebSite","@id":"https:\/\/authenticbicascomporta.com\/#website","url":"https:\/\/authenticbicascomporta.com\/","name":"Authentic Bicas Comporta","description":"Uma forma de viver inspirada na Comporta","publisher":{"@id":"https:\/\/authenticbicascomporta.com\/#organization"},"potentialAction":[{"@type":"SearchAction","target":{"@type":"EntryPoint","urlTemplate":"https:\/\/authenticbicascomporta.com\/?s={search_term_string}"},"query-input":"required name=search_term_string"}],"inLanguage":"PT"},{"@type":"Organization","@id":"https:\/\/authenticbicascomporta.com\/#organization","name":"Authentic Bicas Comporta","url":"https:\/\/authenticbicascomporta.com\/","logo":{"@type":"ImageObject","inLanguage":"PT","@id":"https:\/\/authenticbicascomporta.com\/#\/schema\/logo\/image\/","url":"https:\/\/authenticbicascomporta.com\/wp-content\/uploads\/2018\/09\/authentic-bias-logo-150.png","contentUrl":"https:\/\/authenticbicascomporta.com\/wp-content\/uploads\/2018\/09\/authentic-bias-logo-150.png","width":150,"height":120,"caption":"Authentic Bicas Comporta"},"image":{"@id":"https:\/\/authenticbicascomporta.com\/#\/schema\/logo\/image\/"}}]}},"_links":{"self":[{"href":"https:\/\/authenticbicascomporta.com\/pt\/wp-json\/wp\/v2\/pages\/4602\/"}],"collection":[{"href":"https:\/\/authenticbicascomporta.com\/pt\/wp-json\/wp\/v2\/pages\/"}],"about":[{"href":"https:\/\/authenticbicascomporta.com\/pt\/wp-json\/wp\/v2\/types\/page\/"}],"author":[{"embeddable":true,"href":"https:\/\/authenticbicascomporta.com\/pt\/wp-json\/wp\/v2\/users\/2\/"}],"replies":[{"embeddable":true,"href":"https:\/\/authenticbicascomporta.com\/pt\/wp-json\/wp\/v2\/comments\/?post=4602"}],"version-history":[{"count":3,"href":"https:\/\/authenticbicascomporta.com\/pt\/wp-json\/wp\/v2\/pages\/4602\/revisions\/"}],"predecessor-version":[{"id":4605,"href":"https:\/\/authenticbicascomporta.com\/pt\/wp-json\/wp\/v2\/pages\/4602\/revisions\/4605\/"}],"wp:featuredmedia":[{"embeddable":true,"href":"https:\/\/authenticbicascomporta.com\/pt\/wp-json\/wp\/v2\/media\/4879\/"}],"wp:attachment":[{"href":"https:\/\/authenticbicascomporta.com\/pt\/wp-json\/wp\/v2\/media\/?parent=4602"}],"curies":[{"name":"wp","href":"https:\/\/api.w.org\/{rel}","templated":true}]}}